{"id":84,"date":"2026-02-27T18:24:57","date_gmt":"2026-02-27T18:24:57","guid":{"rendered":"http:\/\/biocuar.cluster028.hosting.ovh.net\/?page_id=84"},"modified":"2026-03-01T12:32:36","modified_gmt":"2026-03-01T12:32:36","slug":"home","status":"publish","type":"page","link":"https:\/\/biocuantic.eu\/","title":{"rendered":"Equilios y endocrinolog\u00eda"},"content":{"rendered":"\n<p>NOTA: <em>La informaci\u00f3n de esta web no pretende sustituir a un diagn\u00f3stico m\u00e9dico ni ning\u00fan tratamiento m\u00e9dico. No ofrece consejo , ni m\u00e9dico, ni t\u00e9cnico. El contenido de esta p\u00e1gina tiene prop\u00f3sito de informaci\u00f3n general.<\/em><\/p>\n\n\n\n<p>Beneficios observados con la <strong><a href=\"http:\/\/biocuantic.eu\/index.php\/equilibrio-glandular\/\" data-type=\"page\" data-id=\"43\" target=\"_blank\" rel=\"noreferrer noopener\">T\u00e9cnica de Equilibrio Glandular <\/a><\/strong>con EQUILIOS:<\/p>\n\n\n\n<ul class=\"wp-block-list\">\n<li>Aumento de las capacidades mentales e intelectuales (Mejor concentraci\u00f3n y enfoque)<\/li>\n\n\n\n<li>Equilibrio hormonal (Menstruaci\u00f3n dolorosa e irregular, aliviar los s\u00edntomas de la menopausia\/climaterio)<\/li>\n\n\n\n<li>Regulaci\u00f3n del sue\u00f1o para un mejor descanso<\/li>\n\n\n\n<li>Mejor manejo de las emociones y de los trastornos psicol\u00f3gicos<\/li>\n\n\n\n<li>Depresi\u00f3n, ansiedad, fobias, etc&#8230;<\/li>\n\n\n\n<li>Adaptaci\u00f3n a todo tipo de estr\u00e9s, interno o externo<\/li>\n<\/ul>\n\n\n\n<p>La t\u00e9cnica Equilios puede actuar sobre el conjunto del sistema glandular a fin de corregir los efectos delet\u00e9reos del estr\u00e9s y devolver la vitalidad a una persona exhausta.<\/p>\n\n\n\n<figure class=\"wp-block-image size-medium\"><img loading=\"lazy\" decoding=\"async\" width=\"145\" height=\"300\" src=\"http:\/\/biocuar.cluster028.hosting.ovh.net\/wp-content\/uploads\/2026\/02\/equilios-grafico-quantum-salud.jpg-145x300.webp\" alt=\"Hip\u00f3fisis-Tiroides-Suprarrela-Genital\" class=\"wp-image-103\" srcset=\"https:\/\/biocuantic.eu\/wp-content\/uploads\/2026\/02\/equilios-grafico-quantum-salud.jpg-145x300.webp 145w, https:\/\/biocuantic.eu\/wp-content\/uploads\/2026\/02\/equilios-grafico-quantum-salud.jpg.webp 361w\" sizes=\"auto, (max-width: 145px) 100vw, 145px\" \/><\/figure>\n","protected":false},"excerpt":{"rendered":"<p>NOTA: La informaci\u00f3n de esta web no pretende sustituir a un diagn\u00f3stico m\u00e9dico ni ning\u00fan tratamiento m\u00e9dico. No ofrece consejo , ni m\u00e9dico, ni t\u00e9cnico. El contenido de esta p\u00e1gina tiene prop\u00f3sito de informaci\u00f3n general. Beneficios observados con la T\u00e9cnica de Equilibrio Glandular con EQUILIOS: La t\u00e9cnica Equilios puede actuar sobre el conjunto del sistema &hellip; <a href=\"https:\/\/biocuantic.eu\/\" class=\"more-link\">Seguir leyendo <span class=\"screen-reader-text\">Equilios y endocrinolog\u00eda<\/span> <span class=\"meta-nav\">&rarr;<\/span><\/a><\/p>\n","protected":false},"author":1,"featured_media":0,"parent":0,"menu_order":1,"comment_status":"open","ping_status":"closed","template":"","meta":{"footnotes":""},"class_list":["post-84","page","type-page","status-publish","hentry"],"_links":{"self":[{"href":"https:\/\/biocuantic.eu\/index.php\/wp-json\/wp\/v2\/pages\/84","targetHints":{"allow":["GET"]}}],"collection":[{"href":"https:\/\/biocuantic.eu\/index.php\/wp-json\/wp\/v2\/pages"}],"about":[{"href":"https:\/\/biocuantic.eu\/index.php\/wp-json\/wp\/v2\/types\/page"}],"author":[{"embeddable":true,"href":"https:\/\/biocuantic.eu\/index.php\/wp-json\/wp\/v2\/users\/1"}],"replies":[{"embeddable":true,"href":"https:\/\/biocuantic.eu\/index.php\/wp-json\/wp\/v2\/comments?post=84"}],"version-history":[{"count":9,"href":"https:\/\/biocuantic.eu\/index.php\/wp-json\/wp\/v2\/pages\/84\/revisions"}],"predecessor-version":[{"id":313,"href":"https:\/\/biocuantic.eu\/index.php\/wp-json\/wp\/v2\/pages\/84\/revisions\/313"}],"wp:attachment":[{"href":"https:\/\/biocuantic.eu\/index.php\/wp-json\/wp\/v2\/media?parent=84"}],"curies":[{"name":"wp","href":"https:\/\/api.w.org\/{rel}","templated":true}]}}