{"id":52,"date":"2026-02-27T17:37:02","date_gmt":"2026-02-27T17:37:02","guid":{"rendered":"http:\/\/biocuar.cluster028.hosting.ovh.net\/?page_id=52"},"modified":"2026-02-28T10:15:36","modified_gmt":"2026-02-28T10:15:36","slug":"la-endocrino-psicologia","status":"publish","type":"page","link":"https:\/\/biocuantic.eu\/index.php\/la-endocrino-psicologia\/","title":{"rendered":"La endocrino \u2013 psicolog\u00eda"},"content":{"rendered":"\n<p>Es as\u00ed que lo que iba a ser la endocrino-psicolog\u00eda, vio la luz.El Dr Gautier se interes\u00f3 tambi\u00e9n por los trabajos de Nicolas Tesla y de Antoine d\u2019Arsonval sobre los campos electromagn\u00e9ticos. Elabor\u00f3 entonces un aparato que podemos calificar de prototipo del que se ha convertido despu\u00e9s de decenios en el dispositivo actual llamado Equilios. Gautier lo experiment\u00f3 primero sobre s\u00ed mismo y descubri\u00f3 que sus facultades de adaptaci\u00f3n aumentaban de forma significativa, lo que le decidi\u00f3 a poner su dispositivo en el programa de cura de sus pacientes.<br><br>El Dr Gautier muri\u00f3 en 1986. Leg\u00f3 la totalidad de sus trabajos a uno de sus pacientes, que se convirti\u00f3 en su hijo espiritual, al que \u00e9l mismo cur\u00f3 de la enfermedad de Basedow (una forma de hipotiroidismo). El se\u00f1or Jean du Chazaud, diplomado en psicolog\u00eda a seguido su obra y ha fundado el instituto Gautier-du-Chazeau a fin de difundir las tesis del Dr Gautier y de dar a conocer la Endocrino-psicolog\u00eda, esta disciplina aun disidente.<br><br>En los a\u00f1os 80, retomando el concepto del aparato creado por el Dr Gautier, \u00e9l cre\u00f3 a su vez una m\u00e1quina que ha ido perfeccionando a lo largo de los a\u00f1os, el Equilios. El m\u00e9todo Equilios consiste a equilibrar el sistema glandular gracias a la acci\u00f3n de dos placas (una abdominal y una dorsal) que emiten un campo electromagn\u00e9tico pulsar.<br><br>Este campo electromagn\u00e9tico act\u00faa sobre el sistema endocrino y por efecto de resonancia le permite reequilibrarse. las gl\u00e1ndulas m\u00e1s activas disminuyen su actividad y las menos activas la aumentan.<br><br>As\u00ed que si repetimos esta acci\u00f3n reguladora e incluso \u201carmonizadora\u201d, actuar\u00e1 sobre todo el cuerpo y le devolver\u00e1 la facilidad para adaptarse a su entorno. Las sesiones de \u00c9quilios abren puertas que dan acceso a su verdadera naturaleza.<br><br>Las sesiones de \u00c9quilios tambi\u00e9n promueven un estado mental positivo que permite a las personas actuar m\u00e1s eficazmente sobre los elementos desequilibrados que causan disfunciones en sus vidas.<br><br>Nos permiten recuperar la confianza en nosotros mismos, fijar o precisar nuevos objetivos de vida y tomar conciencia de los viejos condicionamientos que nos entorpecen y nos limitan, para poder deshacernos de ellos.<\/p>\n\n\n\n<p>Es tomando como referencia este modelo desarrollado en los a\u00f1os 80, que nace el nuevo EQUILIOS a partir de enero del 2018, con voluntad de convertirse en una terapia de uso universal y salir del \u00e1mbito m\u00e1s reducido y local en el que se hab\u00eda dado a conocer, que estaba circunscrito pr\u00e1cticamente solo en Francia. Desde este momento, EQUILIOS se da a conocer tambi\u00e9n en Espa\u00f1a, Portugal y Latinoam\u00e9rica, y Quantum Salud tiene el privilegio de ser su principal difusor.<\/p>\n","protected":false},"excerpt":{"rendered":"<p>Es as\u00ed que lo que iba a ser la endocrino-psicolog\u00eda, vio la luz.El Dr Gautier se interes\u00f3 tambi\u00e9n por los trabajos de Nicolas Tesla y de Antoine d\u2019Arsonval sobre los campos electromagn\u00e9ticos. Elabor\u00f3 entonces un aparato que podemos calificar de prototipo del que se ha convertido despu\u00e9s de decenios en el dispositivo actual llamado Equilios. &hellip; <a href=\"https:\/\/biocuantic.eu\/index.php\/la-endocrino-psicologia\/\" class=\"more-link\">Seguir leyendo <span class=\"screen-reader-text\">La endocrino \u2013 psicolog\u00eda<\/span> <span class=\"meta-nav\">&rarr;<\/span><\/a><\/p>\n","protected":false},"author":1,"featured_media":0,"parent":0,"menu_order":4,"comment_status":"closed","ping_status":"closed","template":"","meta":{"footnotes":""},"class_list":["post-52","page","type-page","status-publish","hentry"],"_links":{"self":[{"href":"https:\/\/biocuantic.eu\/index.php\/wp-json\/wp\/v2\/pages\/52","targetHints":{"allow":["GET"]}}],"collection":[{"href":"https:\/\/biocuantic.eu\/index.php\/wp-json\/wp\/v2\/pages"}],"about":[{"href":"https:\/\/biocuantic.eu\/index.php\/wp-json\/wp\/v2\/types\/page"}],"author":[{"embeddable":true,"href":"https:\/\/biocuantic.eu\/index.php\/wp-json\/wp\/v2\/users\/1"}],"replies":[{"embeddable":true,"href":"https:\/\/biocuantic.eu\/index.php\/wp-json\/wp\/v2\/comments?post=52"}],"version-history":[{"count":2,"href":"https:\/\/biocuantic.eu\/index.php\/wp-json\/wp\/v2\/pages\/52\/revisions"}],"predecessor-version":[{"id":54,"href":"https:\/\/biocuantic.eu\/index.php\/wp-json\/wp\/v2\/pages\/52\/revisions\/54"}],"wp:attachment":[{"href":"https:\/\/biocuantic.eu\/index.php\/wp-json\/wp\/v2\/media?parent=52"}],"curies":[{"name":"wp","href":"https:\/\/api.w.org\/{rel}","templated":true}]}}