{"id":50,"date":"2026-02-27T17:36:42","date_gmt":"2026-02-27T17:36:42","guid":{"rendered":"http:\/\/biocuar.cluster028.hosting.ovh.net\/?page_id=50"},"modified":"2026-02-28T10:15:54","modified_gmt":"2026-02-28T10:15:54","slug":"sabias-que","status":"publish","type":"page","link":"https:\/\/biocuantic.eu\/index.php\/sabias-que\/","title":{"rendered":"SAB\u00cdAS QUE\u2026"},"content":{"rendered":"\n<p>\u00bfSab\u00edas que, en caso de problemas de la gl\u00e1ndula Tiroides, hay una alternativa a los tratamientos medicamentosos?<br><br>Pero, antes de abordar espec\u00edficamente los problemas que conciernen a la Tiroides, quisiera evocar un descubrimiento que hizo en los a\u00f1os 40 un m\u00e9dico de Burdeos especialista en endocrinolog\u00eda. El Dr Jean Gautier.<br><br>\u00c9l mismo estaba afectado por un d\u00e9ficit endocrino que no sab\u00edan en aquella \u00e9poca frenar ni curar, es lo que llamamos hoy d\u00eda un hipotiroidismo.<br><br>Puso en evidencia el predominio del sistema endocrino sobre el sistema nervioso, demostrando que son las hormonas producidas por el sistema glandular o endocrino las que informan y aportan eficacia al sistema nervioso.<br><br>Por m\u00e1s que fuera discutido, los hechos parecen darle la raz\u00f3n, especialmente la supremac\u00eda cronol\u00f3gica de la formaci\u00f3n de las gl\u00e1ndulas en el feto, as\u00ed la Tiroides, aparece antes que la formaci\u00f3n de la mielina de los nervios.<br><br>Adem\u00e1s, es indiscutible que un individuo que nace sin Tiroides, pero con un cerebro funcional y un sistema nervioso, se ve privado de intelecto, sensaciones, deseos, pensamientos y vida ps\u00edquica.<\/p>\n","protected":false},"excerpt":{"rendered":"<p>\u00bfSab\u00edas que, en caso de problemas de la gl\u00e1ndula Tiroides, hay una alternativa a los tratamientos medicamentosos? Pero, antes de abordar espec\u00edficamente los problemas que conciernen a la Tiroides, quisiera evocar un descubrimiento que hizo en los a\u00f1os 40 un m\u00e9dico de Burdeos especialista en endocrinolog\u00eda. El Dr Jean Gautier. \u00c9l mismo estaba afectado por &hellip; <a href=\"https:\/\/biocuantic.eu\/index.php\/sabias-que\/\" class=\"more-link\">Seguir leyendo <span class=\"screen-reader-text\">SAB\u00cdAS QUE\u2026<\/span> <span class=\"meta-nav\">&rarr;<\/span><\/a><\/p>\n","protected":false},"author":1,"featured_media":0,"parent":0,"menu_order":6,"comment_status":"closed","ping_status":"closed","template":"","meta":{"footnotes":""},"class_list":["post-50","page","type-page","status-publish","hentry"],"_links":{"self":[{"href":"https:\/\/biocuantic.eu\/index.php\/wp-json\/wp\/v2\/pages\/50","targetHints":{"allow":["GET"]}}],"collection":[{"href":"https:\/\/biocuantic.eu\/index.php\/wp-json\/wp\/v2\/pages"}],"about":[{"href":"https:\/\/biocuantic.eu\/index.php\/wp-json\/wp\/v2\/types\/page"}],"author":[{"embeddable":true,"href":"https:\/\/biocuantic.eu\/index.php\/wp-json\/wp\/v2\/users\/1"}],"replies":[{"embeddable":true,"href":"https:\/\/biocuantic.eu\/index.php\/wp-json\/wp\/v2\/comments?post=50"}],"version-history":[{"count":2,"href":"https:\/\/biocuantic.eu\/index.php\/wp-json\/wp\/v2\/pages\/50\/revisions"}],"predecessor-version":[{"id":58,"href":"https:\/\/biocuantic.eu\/index.php\/wp-json\/wp\/v2\/pages\/50\/revisions\/58"}],"wp:attachment":[{"href":"https:\/\/biocuantic.eu\/index.php\/wp-json\/wp\/v2\/media?parent=50"}],"curies":[{"name":"wp","href":"https:\/\/api.w.org\/{rel}","templated":true}]}}