{"id":48,"date":"2026-02-27T17:37:11","date_gmt":"2026-02-27T17:37:11","guid":{"rendered":"http:\/\/biocuar.cluster028.hosting.ovh.net\/?page_id=48"},"modified":"2026-03-04T18:57:48","modified_gmt":"2026-03-04T18:57:48","slug":"ondas-multifrecuenciales","status":"publish","type":"page","link":"https:\/\/biocuantic.eu\/index.php\/ondas-multifrecuenciales\/","title":{"rendered":"Ondas Multifrecuenciales"},"content":{"rendered":"\n<figure class=\"wp-block-image size-full\"><img loading=\"lazy\" decoding=\"async\" width=\"222\" height=\"130\" src=\"http:\/\/biocuar.cluster028.hosting.ovh.net\/wp-content\/uploads\/2026\/02\/equilios.webp\" alt=\"Equilios control\" class=\"wp-image-30\"\/><\/figure>\n\n\n\n<p id=\"SEYLE\">Un electrodo plano circular, colocado en el abdomen, hace pasar un campo electromagn\u00e9tico. Estas ondas act\u00faan de una manera espec\u00edfica sobre la personalidad entera permitiendo a las gl\u00e1ndulas reaccionar las unas respecto a las otras seg\u00fan el principio de equilibrio. El estr\u00e9s fue definido cient\u00edficamente en 1956 por Hans SELYE como \u201cla respuesta no espec\u00edfica del organismo a cualquier solicitud o est\u00edmulo\u201d, pero tambi\u00e9n como \u201cel desgaste que la vida inflige a la m\u00e1quina humana.<br><br>Hans SELYE era un endocrin\u00f3logo de origen h\u00fangaro. El estr\u00e9s es primero una reacci\u00f3n endocrina, despu\u00e9s m\u00e1s exactamente definido como \u201cS\u00edndrome Global de Adaptaci\u00f3n\u201d, mediado primero por las hormonas suprarrenales llamadas \u201chormonas del estr\u00e9s\u201d. Es el Doctor Jean GAUTIER, despu\u00e9s su disc\u00edpulo y heredero. Jean du CHAZAUD, que pondr\u00e1n en evidencia el papel fundamental de la \u201cfatiga tiroidea\u201d que distinguen muy claramente del hipotiroidismo, en la tercera fase del estr\u00e9s, la del agotamiento.<\/p>\n\n\n\n<p><\/p>\n","protected":false},"excerpt":{"rendered":"<p>Un electrodo plano circular, colocado en el abdomen, hace pasar un campo electromagn\u00e9tico. Estas ondas act\u00faan de una manera espec\u00edfica sobre la personalidad entera permitiendo a las gl\u00e1ndulas reaccionar las unas respecto a las otras seg\u00fan el principio de equilibrio. El estr\u00e9s fue definido cient\u00edficamente en 1956 por Hans SELYE como \u201cla respuesta no espec\u00edfica &hellip; <a href=\"https:\/\/biocuantic.eu\/index.php\/ondas-multifrecuenciales\/\" class=\"more-link\">Seguir leyendo <span class=\"screen-reader-text\">Ondas Multifrecuenciales<\/span> <span class=\"meta-nav\">&rarr;<\/span><\/a><\/p>\n","protected":false},"author":1,"featured_media":0,"parent":0,"menu_order":5,"comment_status":"closed","ping_status":"closed","template":"","meta":{"footnotes":""},"class_list":["post-48","page","type-page","status-publish","hentry"],"_links":{"self":[{"href":"https:\/\/biocuantic.eu\/index.php\/wp-json\/wp\/v2\/pages\/48","targetHints":{"allow":["GET"]}}],"collection":[{"href":"https:\/\/biocuantic.eu\/index.php\/wp-json\/wp\/v2\/pages"}],"about":[{"href":"https:\/\/biocuantic.eu\/index.php\/wp-json\/wp\/v2\/types\/page"}],"author":[{"embeddable":true,"href":"https:\/\/biocuantic.eu\/index.php\/wp-json\/wp\/v2\/users\/1"}],"replies":[{"embeddable":true,"href":"https:\/\/biocuantic.eu\/index.php\/wp-json\/wp\/v2\/comments?post=48"}],"version-history":[{"count":7,"href":"https:\/\/biocuantic.eu\/index.php\/wp-json\/wp\/v2\/pages\/48\/revisions"}],"predecessor-version":[{"id":314,"href":"https:\/\/biocuantic.eu\/index.php\/wp-json\/wp\/v2\/pages\/48\/revisions\/314"}],"wp:attachment":[{"href":"https:\/\/biocuantic.eu\/index.php\/wp-json\/wp\/v2\/media?parent=48"}],"curies":[{"name":"wp","href":"https:\/\/api.w.org\/{rel}","templated":true}]}}