{"id":46,"date":"2026-02-27T17:38:12","date_gmt":"2026-02-27T17:38:12","guid":{"rendered":"http:\/\/biocuar.cluster028.hosting.ovh.net\/?page_id=46"},"modified":"2026-03-05T12:12:45","modified_gmt":"2026-03-05T12:12:45","slug":"darsonvalizacion-el-metodo","status":"publish","type":"page","link":"https:\/\/biocuantic.eu\/index.php\/darsonvalizacion-el-metodo\/","title":{"rendered":"Darsonvalizaci\u00f3n"},"content":{"rendered":"\n<p>El principio de equilibraci\u00f3n o regulaci\u00f3n glandular no puede expresarse mejor que por la ley general de Bordier (1929) cuando se refiere a la diatermia de alta frecuencia de ondas medias: \u201ccuando queremos provocar en el organismo una perturbaci\u00f3n desorganizando su modo habitual de funcionamiento, se produce de entrada una reacci\u00f3n defensiva tendente a oponerse a la perturbaci\u00f3n producida\u201d. Esta reacci\u00f3n defensiva obliga a nuestras fuerzas adaptativas a reaccionar favorablemente. De aqu\u00ed la acci\u00f3n de equilibrio general que podemos obtener.<br><br>Siguiendo los trabajos de sabio d\u2019Arsonval, este tratamiento resulta ser, en la pr\u00e1ctica, la culminaci\u00f3n de los conceptos endocrino-psicol\u00f3gicos del Dr Jean Gautier. Nuestras gl\u00e1ndulas act\u00faan a la vez sobre el cuerpo y sobre el psiquismo. Ellas son el enlace perfecto.<br><br>Esta t\u00e9cnica act\u00faa pues sobre estas dos esferas de la personalidad.<\/p>\n\n\n\n<div class=\"wp-block-buttons is-content-justification-center is-layout-flex wp-container-core-buttons-is-layout-16018d1d wp-block-buttons-is-layout-flex\">\n<div class=\"wp-block-button\"><a class=\"wp-block-button__link wp-element-button\" href=\"https:\/\/biocuantic.eu\/index.php\/contactar\/\">M\u00e1s informaci\u00f3n<\/a><\/div>\n<\/div>\n","protected":false},"excerpt":{"rendered":"<p>El principio de equilibraci\u00f3n o regulaci\u00f3n glandular no puede expresarse mejor que por la ley general de Bordier (1929) cuando se refiere a la diatermia de alta frecuencia de ondas medias: \u201ccuando queremos provocar en el organismo una perturbaci\u00f3n desorganizando su modo habitual de funcionamiento, se produce de entrada una reacci\u00f3n defensiva tendente a oponerse &hellip; <a href=\"https:\/\/biocuantic.eu\/index.php\/darsonvalizacion-el-metodo\/\" class=\"more-link\">Seguir leyendo <span class=\"screen-reader-text\">Darsonvalizaci\u00f3n<\/span> <span class=\"meta-nav\">&rarr;<\/span><\/a><\/p>\n","protected":false},"author":1,"featured_media":0,"parent":0,"menu_order":3,"comment_status":"closed","ping_status":"closed","template":"","meta":{"footnotes":""},"class_list":["post-46","page","type-page","status-publish","hentry"],"_links":{"self":[{"href":"https:\/\/biocuantic.eu\/index.php\/wp-json\/wp\/v2\/pages\/46","targetHints":{"allow":["GET"]}}],"collection":[{"href":"https:\/\/biocuantic.eu\/index.php\/wp-json\/wp\/v2\/pages"}],"about":[{"href":"https:\/\/biocuantic.eu\/index.php\/wp-json\/wp\/v2\/types\/page"}],"author":[{"embeddable":true,"href":"https:\/\/biocuantic.eu\/index.php\/wp-json\/wp\/v2\/users\/1"}],"replies":[{"embeddable":true,"href":"https:\/\/biocuantic.eu\/index.php\/wp-json\/wp\/v2\/comments?post=46"}],"version-history":[{"count":6,"href":"https:\/\/biocuantic.eu\/index.php\/wp-json\/wp\/v2\/pages\/46\/revisions"}],"predecessor-version":[{"id":336,"href":"https:\/\/biocuantic.eu\/index.php\/wp-json\/wp\/v2\/pages\/46\/revisions\/336"}],"wp:attachment":[{"href":"https:\/\/biocuantic.eu\/index.php\/wp-json\/wp\/v2\/media?parent=46"}],"curies":[{"name":"wp","href":"https:\/\/api.w.org\/{rel}","templated":true}]}}