{"id":43,"date":"2026-02-27T17:36:53","date_gmt":"2026-02-27T17:36:53","guid":{"rendered":"http:\/\/biocuar.cluster028.hosting.ovh.net\/?page_id=43"},"modified":"2026-02-28T10:15:17","modified_gmt":"2026-02-28T10:15:17","slug":"equilibrio-glandular","status":"publish","type":"page","link":"https:\/\/biocuantic.eu\/index.php\/equilibrio-glandular\/","title":{"rendered":"Equilibrio Glandular"},"content":{"rendered":"\n<p><\/p>\n\n\n\n<div class=\"wp-block-columns is-layout-flex wp-container-core-columns-is-layout-9d6595d7 wp-block-columns-is-layout-flex\">\n<div class=\"wp-block-column is-layout-flow wp-block-column-is-layout-flow\" style=\"flex-basis:66.66%\">\n<p>El principio de equilibraci\u00f3n o regulaci\u00f3n glandular no puede expresarse mejor que por la ley general de Bordier (1929) cuando se refiere a la diatermia de alta frecuencia de ondas medias: \u201ccuando queremos provocar en el organismo una perturbaci\u00f3n desorganizando su modo habitual de funcionamiento, se produce de entrada una reacci\u00f3n defensiva tendente a oponerse a la perturbaci\u00f3n producida\u201d. Esta reacci\u00f3n defensiva obliga a nuestras fuerzas adaptativas a reaccionar favorablemente. De aqu\u00ed la acci\u00f3n de equilibrio general que podemos obtener.<br><br>Siguiendo los trabajos de sabio d\u2019Arsonval, este tratamiento resulta ser, en la pr\u00e1ctica, la culminaci\u00f3n de los conceptos endocrino-psicol\u00f3gicos del Dr Jean Gautier. Nuestras gl\u00e1ndulas act\u00faan a la vez sobre el cuerpo y sobre el psiquismo. Ellas son el enlace perfecto.<br><br>Este tratamiento act\u00faa pues sobre estas dos esferas de la personalidad.<\/p>\n<\/div>\n\n\n\n<div class=\"wp-block-column is-layout-flow wp-block-column-is-layout-flow\" style=\"flex-basis:33.33%\">\n<figure class=\"wp-block-image size-full\"><img loading=\"lazy\" decoding=\"async\" width=\"373\" height=\"606\" src=\"http:\/\/biocuar.cluster028.hosting.ovh.net\/wp-content\/uploads\/2026\/02\/equilios2.webp\" alt=\"\" class=\"wp-image-61\" srcset=\"https:\/\/biocuantic.eu\/wp-content\/uploads\/2026\/02\/equilios2.webp 373w, https:\/\/biocuantic.eu\/wp-content\/uploads\/2026\/02\/equilios2-185x300.webp 185w\" sizes=\"auto, (max-width: 373px) 100vw, 373px\" \/><\/figure>\n<\/div>\n<\/div>\n","protected":false},"excerpt":{"rendered":"<p>El principio de equilibraci\u00f3n o regulaci\u00f3n glandular no puede expresarse mejor que por la ley general de Bordier (1929) cuando se refiere a la diatermia de alta frecuencia de ondas medias: \u201ccuando queremos provocar en el organismo una perturbaci\u00f3n desorganizando su modo habitual de funcionamiento, se produce de entrada una reacci\u00f3n defensiva tendente a oponerse &hellip; <a href=\"https:\/\/biocuantic.eu\/index.php\/equilibrio-glandular\/\" class=\"more-link\">Seguir leyendo <span class=\"screen-reader-text\">Equilibrio Glandular<\/span> <span class=\"meta-nav\">&rarr;<\/span><\/a><\/p>\n","protected":false},"author":1,"featured_media":0,"parent":0,"menu_order":2,"comment_status":"closed","ping_status":"closed","template":"","meta":{"footnotes":""},"class_list":["post-43","page","type-page","status-publish","hentry"],"_links":{"self":[{"href":"https:\/\/biocuantic.eu\/index.php\/wp-json\/wp\/v2\/pages\/43","targetHints":{"allow":["GET"]}}],"collection":[{"href":"https:\/\/biocuantic.eu\/index.php\/wp-json\/wp\/v2\/pages"}],"about":[{"href":"https:\/\/biocuantic.eu\/index.php\/wp-json\/wp\/v2\/types\/page"}],"author":[{"embeddable":true,"href":"https:\/\/biocuantic.eu\/index.php\/wp-json\/wp\/v2\/users\/1"}],"replies":[{"embeddable":true,"href":"https:\/\/biocuantic.eu\/index.php\/wp-json\/wp\/v2\/comments?post=43"}],"version-history":[{"count":4,"href":"https:\/\/biocuantic.eu\/index.php\/wp-json\/wp\/v2\/pages\/43\/revisions"}],"predecessor-version":[{"id":63,"href":"https:\/\/biocuantic.eu\/index.php\/wp-json\/wp\/v2\/pages\/43\/revisions\/63"}],"wp:attachment":[{"href":"https:\/\/biocuantic.eu\/index.php\/wp-json\/wp\/v2\/media?parent=43"}],"curies":[{"name":"wp","href":"https:\/\/api.w.org\/{rel}","templated":true}]}}