{"id":316,"date":"2026-03-04T19:25:55","date_gmt":"2026-03-04T19:25:55","guid":{"rendered":"https:\/\/biocuantic.eu\/?page_id=316"},"modified":"2026-03-05T12:09:17","modified_gmt":"2026-03-05T12:09:17","slug":"como-funciona","status":"publish","type":"page","link":"https:\/\/biocuantic.eu\/index.php\/como-funciona\/","title":{"rendered":"C\u00f3mo funciona?"},"content":{"rendered":"<div class=\"wp-block-image\">\n<figure class=\"aligncenter size-medium\"><img loading=\"lazy\" decoding=\"async\" width=\"200\" height=\"300\" src=\"https:\/\/biocuantic.eu\/wp-content\/uploads\/2026\/03\/butaca-200x300.png\" alt=\"Sesi\u00f3n con equipo equilios\" class=\"wp-image-315\" srcset=\"https:\/\/biocuantic.eu\/wp-content\/uploads\/2026\/03\/butaca-200x300.png 200w, https:\/\/biocuantic.eu\/wp-content\/uploads\/2026\/03\/butaca-683x1024.png 683w, https:\/\/biocuantic.eu\/wp-content\/uploads\/2026\/03\/butaca-768x1152.png 768w, https:\/\/biocuantic.eu\/wp-content\/uploads\/2026\/03\/butaca.png 1024w\" sizes=\"auto, (max-width: 200px) 100vw, 200px\" \/><\/figure>\n<\/div>\n\n\n<p>M\u00e9todo Equilios:<\/p>\n\n\n\n<p>El <strong>m\u00e9todo Equilios<\/strong> es un enfoque terap\u00e9utico desarrollado a partir de la Endocrino Psicolog\u00eda que utiliza un dispositivo de <strong>estimulaci\u00f3n electromagn\u00e9tica de baja frecuencia<\/strong> para actuar sobre el sistema endocrino, con especial \u00e9nfasis en la <strong>gl\u00e1ndula genital intersticial<\/strong>, reconocida como la responsable del <strong>equilibrio glandular<\/strong>.<\/p>\n\n\n\n<p>Su finalidad no es tratar s\u00edntomas de forma aislada, sino <strong>restaurar el orden jer\u00e1rquico del sistema endocrino<\/strong>, reactivando la capacidad natural de autorregulaci\u00f3n del organismo.<\/p>\n\n\n\n<p>Este est\u00edmulo, breve y preciso, se basa en el principio similiar a la <strong>hormesis controlada<\/strong>: una dosis medida y cuidadosamente regulada de estimulaci\u00f3n fisiol\u00f3gica, dise\u00f1ada para inducir una respuesta adaptativa positiva sin generar sobrecarga en el sistema.<\/p>\n\n\n\n<div class=\"wp-block-buttons is-content-justification-center is-layout-flex wp-container-core-buttons-is-layout-16018d1d wp-block-buttons-is-layout-flex\">\n<div class=\"wp-block-button\"><a class=\"wp-block-button__link wp-element-button\" href=\"https:\/\/biocuantic.eu\/index.php\/contactar\/\">M\u00e1s informaci\u00f3n<\/a><\/div>\n<\/div>\n\n\n\n<p><\/p>\n","protected":false},"excerpt":{"rendered":"<p>M\u00e9todo Equilios: El m\u00e9todo Equilios es un enfoque terap\u00e9utico desarrollado a partir de la Endocrino Psicolog\u00eda que utiliza un dispositivo de estimulaci\u00f3n electromagn\u00e9tica de baja frecuencia para actuar sobre el sistema endocrino, con especial \u00e9nfasis en la gl\u00e1ndula genital intersticial, reconocida como la responsable del equilibrio glandular. Su finalidad no es tratar s\u00edntomas de forma &hellip; <a href=\"https:\/\/biocuantic.eu\/index.php\/como-funciona\/\" class=\"more-link\">Seguir leyendo <span class=\"screen-reader-text\">C\u00f3mo funciona?<\/span> <span class=\"meta-nav\">&rarr;<\/span><\/a><\/p>\n","protected":false},"author":1,"featured_media":0,"parent":0,"menu_order":0,"comment_status":"closed","ping_status":"closed","template":"","meta":{"footnotes":""},"class_list":["post-316","page","type-page","status-publish","hentry"],"_links":{"self":[{"href":"https:\/\/biocuantic.eu\/index.php\/wp-json\/wp\/v2\/pages\/316","targetHints":{"allow":["GET"]}}],"collection":[{"href":"https:\/\/biocuantic.eu\/index.php\/wp-json\/wp\/v2\/pages"}],"about":[{"href":"https:\/\/biocuantic.eu\/index.php\/wp-json\/wp\/v2\/types\/page"}],"author":[{"embeddable":true,"href":"https:\/\/biocuantic.eu\/index.php\/wp-json\/wp\/v2\/users\/1"}],"replies":[{"embeddable":true,"href":"https:\/\/biocuantic.eu\/index.php\/wp-json\/wp\/v2\/comments?post=316"}],"version-history":[{"count":13,"href":"https:\/\/biocuantic.eu\/index.php\/wp-json\/wp\/v2\/pages\/316\/revisions"}],"predecessor-version":[{"id":334,"href":"https:\/\/biocuantic.eu\/index.php\/wp-json\/wp\/v2\/pages\/316\/revisions\/334"}],"wp:attachment":[{"href":"https:\/\/biocuantic.eu\/index.php\/wp-json\/wp\/v2\/media?parent=316"}],"curies":[{"name":"wp","href":"https:\/\/api.w.org\/{rel}","templated":true}]}}