{"id":105,"date":"2026-02-28T12:10:33","date_gmt":"2026-02-28T12:10:33","guid":{"rendered":"http:\/\/biocuar.cluster028.hosting.ovh.net\/?page_id=105"},"modified":"2026-02-28T17:12:29","modified_gmt":"2026-02-28T17:12:29","slug":"legal","status":"publish","type":"page","link":"https:\/\/biocuantic.eu\/index.php\/legal\/","title":{"rendered":"Pol\u00edtica de Privacidad y Aviso Legal"},"content":{"rendered":"\n<p><a href=\"https:\/\/www.quantumsalud.com\"><\/a><\/p>\n\n\n\n<h2 class=\"wp-block-heading\">Pol\u00edtica de Privacidad y Aviso Legal<\/h2>\n\n\n\n<p><strong>RESPONSABLE DEL TRATAMIENTO<\/strong><\/p>\n\n\n\n<p><strong><em>Identidad:&nbsp;<\/em>Biocuantic reml<\/strong><br><strong><em>CIF:&nbsp;<\/em><\/strong>A11011001<br><strong><em>Direcci\u00f3n postal:<\/em><\/strong>&nbsp;c\/o M. de d\u00e9u de N\u00faria 11-15 &#8211; 08017 &#8211; Barcelona<br><strong><em>Correo electr\u00f3nico:&nbsp;<\/em><\/strong><a href=\"mailto:info@biocuantic.eu\">info@biocuantic.eu<\/a><\/p>\n\n\n\n<p><strong>Biocuantic reml <\/strong>, como responsable del sitio web, de conformidad con el Reglamento (UE) 2016\/679 de 27 de abril de 2016 (RGPD) relativo a la protecci\u00f3n de las personas f\u00edsicas en cuanto al tratamiento de datos personales, y por la Ley 34\/2002, de 11 de julio, de servicios de la sociedad de la informaci\u00f3n y del comercio electr\u00f3nico (LSSICE), le comunica que tiene implementadas las medidas de seguridad necesarias, de \u00edndole t\u00e9cnica y organizativas, para garantizar y proteger la confidencialidad, integridad y disponibilidad de los datos introducidos.<\/p>\n\n\n\n<h4 class=\"wp-block-heading\"><strong>FINALIDAD DEL TRATAMIENTO<\/strong><\/h4>\n\n\n\n<p>Sus datos personales solo se utilizar\u00e1n para las finalidades siguientes:<\/p>\n\n\n\n<ul class=\"wp-block-list\">\n<li>Realizar las gestiones comerciales y administrativas necesarias con los usuarios de la web.<\/li>\n\n\n\n<li>Enviar las comunicaciones comerciales publicitarias por correo electr\u00f3nico, fax, SMS, MMS, comunicaciones sociales o cualquier otro medio electr\u00f3nico o f\u00edsico, en el caso de que el usuario haya consentido expresamente al env\u00edo de comunicaciones comerciales por v\u00eda electr\u00f3nica mediante la subscripci\u00f3n del bolet\u00edn electr\u00f3nico.<\/li>\n\n\n\n<li>Responder a las consultas y\/o proporcionar informaciones requeridas por el usuario.<\/li>\n\n\n\n<li>Realizar las prestaciones de servicios y\/o productos adquiridos por el usuario.<\/li>\n\n\n\n<li>Utilizar sus datos para contactar con \u00e9l, tanto por v\u00eda electr\u00f3nica como no electr\u00f3nica, para obtener su opini\u00f3n sobre el servicio prestado.<\/li>\n\n\n\n<li>Notificarle cambios, desarrollos importantes de la pol\u00edtica de privacidad, aviso legal o pol\u00edtica de cookies.<\/li>\n\n\n\n<li>Los datos de clientes y\/o de proveedores ser\u00e1n tratados, dentro de la relaci\u00f3n contractual que los vincula con el responsable, en cumplimiento con las obligaciones administrativas, fiscales, contables y laborales que sean necesarias en virtud de la legislaci\u00f3n vigente.<\/li>\n<\/ul>\n\n\n\n<p>Puede revocar en cualquier momento su consentimiento enviando un escrito con el asunto \u201cBaja\u201d a <a href=\"mailto:info@biocuantic.eu\">info@biocuantic.eu<\/a>.<\/p>\n\n\n\n<p>De acuerdo con la LSSICE, Biocuantic reml  no realiza pr\u00e1cticas de SPAM; por tanto, no env\u00eda correos comerciales por correo electr\u00f3nico que no hayan sido previamente solicitados o autorizados por el usuario. En consecuencia, en todas las comunicaciones que recibir\u00e1 del Biocuantic reml  el usuario tiene la posibilidad de cancelar su consentimiento expreso para recibir nuestras comunicaciones.<\/p>\n\n\n\n<p>No trataremos sus datos personales para ninguna otra finalidad que las descritas excepto por obligaci\u00f3n legal o requerimiento judicial.<\/p>\n\n\n\n<p>Sus datos se conservar\u00e1n mientras dure la relaci\u00f3n comercial con nosotros o ejerza su derecho de cancelaci\u00f3n u oposici\u00f3n, o limitaci\u00f3n al tratamiento. Sin embargo, conservaremos determinados datos personales identificativos y del tr\u00e1fico durante el plazo m\u00e1ximo de 2 a\u00f1os por si fuera requerido por los Jueces y Tribunales o para incoar acciones internas derivadas del uso indebido de la p\u00e1gina web.<\/p>\n\n\n\n<p>No ser\u00e1 objeto de decisiones basadas en tratamientos automatizados que produzcan efectos sobre sus datos.<\/p>\n\n\n\n<h4 class=\"wp-block-heading\"><strong>LEGITIMACI\u00d3N DEL TRATAMIENTO<\/strong><\/h4>\n\n\n\n<p>La base legal para el tratamiento de los datos es su consentimiento para llevar a cabo las finalidades anteriormente descritas, que se solicitar\u00e1 al marcar la casilla correspondiente en el momento de recoger sus datos.<\/p>\n\n\n\n<p>No facilitar los datos personales solicitados o no aceptar esta pol\u00edtica de protecci\u00f3n de datos supone la imposibilidad de suscribirse, registrarse o recibir informaci\u00f3n de los productos y servicios del prestador.<br>En los casos en que exista una relaci\u00f3n contractual previa entre las partes, la legitimaci\u00f3n para el desarrollo de las obligaciones administrativas, fiscales, contables y laborales que sean necesarias en virtud de la legislaci\u00f3n vigente ser\u00e1 la existencia previa de la relaci\u00f3n comercial establecida entre las partes.<\/p>\n\n\n\n<h4 class=\"wp-block-heading\"><strong>COMUNICACIONES&nbsp;<\/strong><\/h4>\n\n\n\n<p>Cualquier comunicaci\u00f3n enviada quedar\u00e1 incorporada en los sistemas de informaci\u00f3n de Biocuantic reml  Al aceptar estas condiciones, t\u00e9rminos y pol\u00edticas, el usuario consiente expresamente a que Biocuantic reml  realice las actividades y\/o acciones siguientes, excepto que el usuario indique lo contrario:<\/p>\n\n\n\n<ul class=\"wp-block-list\">\n<li>El env\u00edo de comunicaciones comerciales y\/o promocionales por cualquier medio habilitado para informar a los usuarios de las actividades, servicios, promociones, publicidad, noticias, ofertas y dem\u00e1s informaciones sobre los servicios y productos relacionados con la actividad. El usuario acepta expresamente que se realicen an\u00e1lisis de perfiles y de uso a partir del historial de compras del usuario.<\/li>\n\n\n\n<li>En el caso de que el usuario haya consentido expresamente al env\u00edo de comunicaciones comerciales por v\u00eda electr\u00f3nica mediante la subscripci\u00f3n del bolet\u00edn electr\u00f3nico, el env\u00edo de estas comunicaciones por medios electr\u00f3nicos para informar a sus usuarios de las actividades, servicios, promociones, publicidad, noticias, ofertas y dem\u00e1s informaciones sobre los servicios y productos de Biocuantic reml  iguales o similares a las que fueron inicialmente objeto de contrataci\u00f3n o de inter\u00e9s por el usuario.<\/li>\n\n\n\n<li>La conservaci\u00f3n de los datos durante los plazos previstos en las disposiciones aplicables.<\/li>\n<\/ul>\n\n\n\n<h4 class=\"wp-block-heading\"><strong>MEDIOS OFICIALES DE COMUNICACI\u00d3N<\/strong><\/h4>\n\n\n\n<p>Se informa al usuario de que los medios habilitados por la empresa para comunicarse con clientes y dem\u00e1s afectados es el tel\u00e9fono corporativo, los tel\u00e9fonos m\u00f3viles de empresa y el correo electr\u00f3nico corporativo.<\/p>\n\n\n\n<p>Si usted env\u00eda informaci\u00f3n personal a trav\u00e9s de un medio de comunicaci\u00f3n diferente a los indicados en este apartado, la EMPRESA quedar\u00e1 exenta de responsabilidad en relaci\u00f3n con las medidas de seguridad que disponga el medio en cuesti\u00f3n.<\/p>\n\n\n\n<h4 class=\"wp-block-heading\"><strong>DESTINATARIOS DE CESIONES O TRANSFERENCIAS<\/strong><\/h4>\n\n\n\n<p>Biocuantic reml no lleva a cabo ninguna cesi\u00f3n o comunicaci\u00f3n de datos ni dentro ni fuera de la UE. El prestador \u00fanicamente facilitar\u00e1 informaci\u00f3n a las fuerzas y cuerpos de seguridad bajo orden judicial o por obligaci\u00f3n de una norma legal, sin perjuicio de poder bloquear o cancelar su cuenta si puede haber indicios de la comisi\u00f3n de alg\u00fan delito por parte del usuario. La informaci\u00f3n facilitada ser\u00e1 solo la que disponga en ese momento el prestador.<br>La informaci\u00f3n que usted nos proporcione a trav\u00e9s de este sitio web ser\u00e1 alojada en los servidores de OVH .<\/p>\n\n\n\n<h4 class=\"wp-block-heading\"><strong>DERECHOS DE LAS PERSONAS INTERESADAS<\/strong><\/h4>\n\n\n\n<p>Como usuario-interesado, puede solicitar la aplicaci\u00f3n de los derechos siguientes ante <strong>Biocuantic reml &nbsp;<\/strong>presentando un escrito a la direcci\u00f3n postal de la cabecera o enviando un correo electr\u00f3nico a info@biocuantic.eu, indicando como asunto \u201cLOPD\u201d, y adjuntando la fotocopia de su DNI o cualquier medio an\u00e1logo en derecho, tal como indica la ley.<\/p>\n\n\n\n<p><strong>Derecho:<\/strong><\/p>\n\n\n\n<ul class=\"wp-block-list\">\n<li><strong>Derecho de acceso:<\/strong>&nbsp;permite al interesado conocer y obtener informaci\u00f3n sobre sus datos de car\u00e1cter personal sometidos a tratamiento.<\/li>\n\n\n\n<li><strong>Derecho de rectificaci\u00f3n o supresi\u00f3n:<\/strong>&nbsp;permite corregir errores y modificar los datos que resulten ser inexactos o incompletos.<\/li>\n\n\n\n<li><strong>Derecho de cancelaci\u00f3n:<\/strong>&nbsp;permite que se supriman los datos que resulten ser inadecuados o excesivos.<\/li>\n\n\n\n<li><strong>Derecho de oposici\u00f3n:<\/strong>&nbsp;derecho del interesado a que no se lleve a cabo el tratamiento de sus datos de car\u00e1cter personal o que se borren.<\/li>\n\n\n\n<li><strong>Limitaci\u00f3n del tratamiento:<\/strong>&nbsp;implica marcar los datos personales conservados, con la finalidad de limitar su tratamiento futuro.<\/li>\n\n\n\n<li><strong>Portabilidad de los datos:<\/strong>&nbsp;facilitaci\u00f3n de los datos objeto de tratamiento al interesado para que este pueda trasmitirlos a otro responsable, sin impedimentos.<\/li>\n\n\n\n<li><strong>Derecho a no ser objeto de decisiones individuales automatizadas<\/strong>&nbsp;(incluida la elaboraci\u00f3n de perfiles): derecho a no ser objeto de una decisi\u00f3n basada en el tratamiento automatizado que produzca efectos o afecte significativamente.<\/li>\n<\/ul>\n\n\n\n<p>El usuario tiene derecho a retirar el consentimiento prestado en cualquier momento. La retirada del consentimiento no afectar\u00e1 la licitud del tratamiento efectuado antes de la retirada del consentimiento.<\/p>\n\n\n\n<p>Tambi\u00e9n tiene derecho a presentar una reclamaci\u00f3n ante la autoridad de control si considera que pueden haberse visto vulnerados sus derechos en relaci\u00f3n con la protecci\u00f3n de sus datos (agpd.es).<\/p>\n\n\n\n<h3 class=\"wp-block-heading\"><strong>INFORMACI\u00d3N ADICIONAL<\/strong><\/h3>\n\n\n\n<h4 class=\"wp-block-heading\"><strong>INFORMACI\u00d3N QUE RECOPILAMOS<\/strong><\/h4>\n\n\n\n<p>Obtenemos informaci\u00f3n mediante un formulario de subscripci\u00f3n con la informaci\u00f3n m\u00ednima e indispensable. En este formulario usted facilitar\u00e1 todos o algunos de los datos siguientes: correo electr\u00f3nico, nombre, apellidos, direcci\u00f3n, c\u00f3digo postal, ciudad, pa\u00eds y tel\u00e9fono m\u00f3vil.<\/p>\n\n\n\n<h4 class=\"wp-block-heading\"><strong>REDES SOCIALES&nbsp;<\/strong><\/h4>\n\n\n\n<p>Le comunicamos que Biocuantic reml  puede tener presencia en las redes sociales. El tratamiento de los datos que se lleve a cabo de las personas que se hagan seguidoras en las redes sociales (y\/o realicen cualquier v\u00ednculo o acci\u00f3n de conexi\u00f3n a trav\u00e9s de las redes sociales) de las p\u00e1ginas oficiales Biocuantic reml  se regir\u00e1 por este apartado, as\u00ed como por aquellas condiciones de uso, pol\u00edticas de privacidad y normativas de acceso que pertenezcan a la red social en cada caso y que hayan sido aceptadas previamente por el usuario.<\/p>\n\n\n\n<p>Biocuantic reml  tratar\u00e1 sus datos con la finalidad de administrar correctamente su presencia en las redes sociales, inform\u00e1ndole de actividades, productos o servicios del prestador, as\u00ed como para cualquier otra finalidad que las normativas de las redes sociales permitan.<\/p>\n\n\n\n<p>Queda prohibida la publicaci\u00f3n de contenidos:<\/p>\n\n\n\n<ul class=\"wp-block-list\">\n<li>Que sean presuntamente il\u00edcitos por la normativa nacional, comunitaria o internacional o que realicen actividades presuntamente il\u00edcitas o contravengan los principios de la buena fe.<\/li>\n\n\n\n<li>Que atenten contra los derechos fundamentales de las personas, falten a la cortes\u00eda en la red, molesten o puedan generar opiniones negativas a nuestros usuarios o a terceros y, en general, cualquiera de los contenidos que Biocuantic reml  considere inapropiados.<\/li>\n\n\n\n<li>Y en general que contravengan los principios de legalidad, honradez, responsabilidad, protecci\u00f3n de la dignidad humana, protecci\u00f3n de menores, protecci\u00f3n del orden p\u00fablico, la protecci\u00f3n de la vida privada, la protecci\u00f3n del consumidor y los derechos de propiedad intelectual e industrial.<\/li>\n<\/ul>\n\n\n\n<p>Asimismo, Biocuantic reml se reserva la potestad de retirar, sin aviso previo del sitio web o de la red social corporativa, aquellos contenidos que se consideren inapropiados.<\/p>\n\n\n\n<p>Las comunicaciones enviadas a trav\u00e9s de las redes sociales ser\u00e1n incorporadas a un archivo propiedad de Biocuantic reml, que le enviar\u00e1 informaci\u00f3n de su inter\u00e9s.<\/p>\n\n\n\n<p>Puede acceder a m\u00e1s informaci\u00f3n en esta pol\u00edtica de privacidad.<\/p>\n\n\n\n<p>En todo caso, si usted env\u00eda informaci\u00f3n personal a trav\u00e9s de las redes sociales, Biocuantic reml quedar\u00e1 exento de cualquier responsabilidad en relaci\u00f3n con las medidas de seguridad aplicables a la plataforma en cuesti\u00f3n, y, si el usuario las quiere conocer, deber\u00e1 consultar las condiciones particulares correspondientes de la red en cuesti\u00f3n.<\/p>\n\n\n\n<h4 class=\"wp-block-heading\"><strong>MEDIDAS DE SEGURIDAD<\/strong><\/h4>\n\n\n\n<p>Los datos que nos facilite se tratar\u00e1n de manera confidencial. El prestador ha adoptado todas las medidas t\u00e9cnicas y organizativas y todos los niveles de protecci\u00f3n necesarios para garantizar la seguridad en el tratamiento de los datos y evitar su alteraci\u00f3n, p\u00e9rdida, robo, tratamiento o acceso no autorizado, de acuerdo con el estado de la tecnolog\u00eda y la naturaleza de los datos almacenados. Asimismo, se garantiza tambi\u00e9n que el tratamiento y registro en ficheros, programas, sistemas o equipos locales y en centros cumplan con los requisitos y condiciones de integridad establecidos en la normativa vigente.<\/p>\n\n\n\n<h4 class=\"wp-block-heading\"><strong>CAMBIOS EN POL\u00cdTICA DE PRIVACIDAD ACTUAL<\/strong><\/h4>\n\n\n\n<p>Biocuantic reml se reserva el derecho a modificar esta pol\u00edtica para adaptarla a las novedades legislativas o jurisprudenciales.<\/p>\n\n\n\n<h4 class=\"wp-block-heading\"><strong>LEGISLACI\u00d3N<\/strong><\/h4>\n\n\n\n<p>A todos los efectos, las relaciones Biocuantic reml con los usuarios de los servicios telem\u00e1ticos de esta web est\u00e1n sometidas a la  jurisdicci\u00f3n internacional a la que las partes se someten expresamente, y para la resoluci\u00f3n de posibles conflictos derivados o relacionados con su uso ser\u00e1 competente el <strong>TRIBUNAL POPULAR PONFERRADA<\/strong><\/p>\n\n\n\n<p>Monasterio de Montes, 8<br>24401 Ponferrada<\/p>\n\n\n\n<p>Biocuantic tiene una dilatada experiencia sobre los fundamentos de la f\u00edsica qu\u00e1ntica y su aplicaci\u00f3n a la medicina qu\u00e1ntica y medicina de la informaci\u00f3n.<\/p>\n\n\n\n<ul class=\"wp-block-list\">\n<li><\/li>\n<\/ul>\n\n\n\n<p><a href=\"https:\/\/www.facebook.com\/profile.php?id=100040650746321&amp;ref=hl\" target=\"_blank\" rel=\"noreferrer noopener\"><\/a><\/p>\n\n\n\n<p><a href=\"https:\/\/www.youtube.com\/channel\/UCq8Y_Vay_aVngqREXUQdXNQ\/videos\" target=\"_blank\" rel=\"noreferrer noopener\"><\/a><\/p>\n\n\n\n<p><\/p>\n","protected":false},"excerpt":{"rendered":"<p>Pol\u00edtica de Privacidad y Aviso Legal RESPONSABLE DEL TRATAMIENTO Identidad:&nbsp;Biocuantic remlCIF:&nbsp;A11011001Direcci\u00f3n postal:&nbsp;c\/o M. de d\u00e9u de N\u00faria 11-15 &#8211; 08017 &#8211; BarcelonaCorreo electr\u00f3nico:&nbsp;info@biocuantic.eu Biocuantic reml , como responsable del sitio web, de conformidad con el Reglamento (UE) 2016\/679 de 27 de abril de 2016 (RGPD) relativo a la protecci\u00f3n de las personas f\u00edsicas en cuanto &hellip; <a href=\"https:\/\/biocuantic.eu\/index.php\/legal\/\" class=\"more-link\">Seguir leyendo <span class=\"screen-reader-text\">Pol\u00edtica de Privacidad y Aviso Legal<\/span> <span class=\"meta-nav\">&rarr;<\/span><\/a><\/p>\n","protected":false},"author":1,"featured_media":0,"parent":0,"menu_order":0,"comment_status":"closed","ping_status":"closed","template":"","meta":{"footnotes":""},"class_list":["post-105","page","type-page","status-publish","hentry"],"_links":{"self":[{"href":"https:\/\/biocuantic.eu\/index.php\/wp-json\/wp\/v2\/pages\/105","targetHints":{"allow":["GET"]}}],"collection":[{"href":"https:\/\/biocuantic.eu\/index.php\/wp-json\/wp\/v2\/pages"}],"about":[{"href":"https:\/\/biocuantic.eu\/index.php\/wp-json\/wp\/v2\/types\/page"}],"author":[{"embeddable":true,"href":"https:\/\/biocuantic.eu\/index.php\/wp-json\/wp\/v2\/users\/1"}],"replies":[{"embeddable":true,"href":"https:\/\/biocuantic.eu\/index.php\/wp-json\/wp\/v2\/comments?post=105"}],"version-history":[{"count":14,"href":"https:\/\/biocuantic.eu\/index.php\/wp-json\/wp\/v2\/pages\/105\/revisions"}],"predecessor-version":[{"id":249,"href":"https:\/\/biocuantic.eu\/index.php\/wp-json\/wp\/v2\/pages\/105\/revisions\/249"}],"wp:attachment":[{"href":"https:\/\/biocuantic.eu\/index.php\/wp-json\/wp\/v2\/media?parent=105"}],"curies":[{"name":"wp","href":"https:\/\/api.w.org\/{rel}","templated":true}]}}